{"id":7069,"date":"2024-10-08T15:44:55","date_gmt":"2024-10-08T15:44:55","guid":{"rendered":"https:\/\/www.omniocio.com\/?page_id=7069"},"modified":"2025-02-19T12:40:34","modified_gmt":"2025-02-19T12:40:34","slug":"politica-de-privacidad","status":"publish","type":"page","link":"https:\/\/www.omniocio.com\/es\/politica-de-privacidad\/","title":{"rendered":"Pol\u00edtica de privacidad"},"content":{"rendered":"\t\t<div data-elementor-type=\"wp-page\" data-elementor-id=\"7069\" class=\"elementor elementor-7069\">\n\t\t\t\t\t\t<section class=\"elementor-section elementor-top-section elementor-element elementor-element-95a4d8e elementor-section-boxed elementor-section-gap-beside-yes elementor-section-height-default elementor-section-height-default elementor-section-content-align-center elementor-section-column-vertical-align-stretch\" data-id=\"95a4d8e\" data-element_type=\"section\">\n\t\t\t\t\t\t<div class=\"elementor-container elementor-column-gap-extended\">\n\t\t\t\t\t<div class=\"elementor-column elementor-col-100 elementor-top-column elementor-element elementor-element-43ab047\" data-id=\"43ab047\" data-element_type=\"column\">\n\t\t\t<div class=\"elementor-widget-wrap elementor-element-populated\">\n\t\t\t\t\t\t<div class=\"elementor-element elementor-element-fdb7f82 elementor-widget elementor-widget-tm-heading\" data-id=\"fdb7f82\" data-element_type=\"widget\" data-widget_type=\"tm-heading.default\">\n\t\t\t\t<div class=\"elementor-widget-container\">\n\t\t\t\t\t\t\t<div class=\"tm-modern-heading\">\n\t\t\t\n\t\t\t\t\t<div class=\"heading-primary-wrap\">\n\t\t\t<h2 class=\"heading-primary elementor-heading-title\">Pol\u00edtica de privacidad<\/h2>\t\t<\/div>\n\t\t\n\t\t\t\n\t\t\t\t\t<\/div>\n\t\t\t\t\t\t<\/div>\n\t\t\t\t<\/div>\n\t\t\t\t<div class=\"elementor-element elementor-element-802c6a7 elementor-widget elementor-widget-text-editor\" data-id=\"802c6a7\" data-element_type=\"widget\" data-widget_type=\"text-editor.default\">\n\t\t\t\t<div class=\"elementor-widget-container\">\n\t\t\t\t\t\t\t\t\t<strong>Protecci\u00f3n de datos de car\u00e1cter personal seg\u00fan el RGPD<\/strong>\n\nOMNIOCIO S.L.U., en aplicaci\u00f3n de la normativa vigente en materia de protecci\u00f3n de datos de car\u00e1cter personal, informa que los datos personales que se recogen a trav\u00e9s de los formularios del Sitio web: https:\/\/www.omniocio.com\/es\/, se incluyen en los ficheros automatizados espec\u00edficos de usuarios de los servicios de OMNIOCIO S.L.U.\n\nLa recogida y tratamiento automatizado de los datos de car\u00e1cter personal tiene como finalidad el mantenimiento de la relaci\u00f3n comercial y el desempe\u00f1o de tareas de informaci\u00f3n, formaci\u00f3n, asesoramiento y otras actividades propias de OMNIOCIO S.L.U.\n\nEstos datos \u00fanicamente ser\u00e1n cedidos a aquellas entidades que sean necesarias con el \u00fanico objetivo de dar cumplimiento a la finalidad anteriormente expuesta.\n\nOMNIOCIO S.L.U. adopta las medidas necesarias para garantizar la seguridad, integridad y confidencialidad de los datos conforme a lo dispuesto en el Reglamento (UE) 2016\/679 del Parlamento Europeo y del Consejo, de 27 de abril de 2016, relativo a la protecci\u00f3n de las personas f\u00edsicas en lo que respecta al tratamiento de datos personales y a la libre circulaci\u00f3n de los mismos.\n\nEl usuario podr\u00e1 en cualquier momento ejercitar los derechos de acceso, oposici\u00f3n, rectificaci\u00f3n, cancelaci\u00f3n, limitaci\u00f3n y portabilidad reconocidos en el citado Reglamento (UE). El ejercicio de estos derechos puede realizarlo el propio usuario a trav\u00e9s de email a: lopd@omniocio.com o en la direcci\u00f3n: Avenida Matapi\u00f1onera 11, Bloque 2 Oficina 218, C.P. 28073 &#8211; San Sebasti\u00e1n De Los Reyes (Madrid).\n\nEl usuario manifiesta que todos los datos facilitados por \u00e9l son ciertos y correctos, y se compromete a mantenerlos actualizados, comunicando los cambios a OMNIOCIO S.L.U.\n<h3>Finalidad del tratamiento de los datos personales:<\/h3>\n<strong>\u00bfCon qu\u00e9 finalidad trataremos tus datos personales?<\/strong>\n\nEn OMNIOCIO S.L.U., trataremos tus datos personales recabados a trav\u00e9s del Sitio Web: https:\/\/www.omniocio.com\/es\/, con las siguientes finalidades:\n\n1. Prestar sus servicios de acuerdo con las necesidades particulares de los clientes, con el fin de cumplir los contratos suscritos por la misma.\n2. Facilitar la informaci\u00f3n solicitada por el usuario a trav\u00e9s del formulario de contacto.\n\nTe recordamos que puedes oponerte al env\u00edo de comunicaciones comerciales por cualquier v\u00eda y en cualquier momento, remitiendo un correo electr\u00f3nico a la direcci\u00f3n anteriormente indicada.\n\nLos campos de dichos registros son de cumplimentaci\u00f3n obligatoria, siendo imposible realizar las finalidades expresadas si no se aportan esos datos.\n\n<strong>\u00bfPor cu\u00e1nto tiempo se conservan los datos personales recabados?<\/strong>\n\nLos datos personales proporcionados se conservar\u00e1n mientras se mantenga la relaci\u00f3n comercial o no solicites su supresi\u00f3n y durante el plazo por el cu\u00e1l pudieran derivarse responsabilidades legales por los servicios prestados.\n<h3>Legitimaci\u00f3n:<\/h3>\nEl tratamiento de tus datos se realiza con las siguientes bases jur\u00eddicas que legitiman el mismo:\n\n1. La solicitud de informaci\u00f3n y\/o la contrataci\u00f3n de los servicios de OMNIOCIO S.L.U., cuyos t\u00e9rminos y condiciones se pondr\u00e1n a tu disposici\u00f3n en todo caso, de forma previa a una eventual contrataci\u00f3n.\n2. El consentimiento libre, espec\u00edfico, informado e inequ\u00edvoco, en tanto que te informamos poniendo a tu disposici\u00f3n la presente pol\u00edtica de privacidad, que tras la lectura de la misma, en caso de estar conforme, puedes aceptar mediante una declaraci\u00f3n o una clara acci\u00f3n afirmativa, como el marcado de una casilla dispuesta al efecto.\n\nEn caso de que no nos facilites tus datos o lo hagas de forma err\u00f3nea o incompleta, no podremos atender tu solicitud, resultando del todo imposible proporcionarte la informaci\u00f3n solicitada o llevar a cabo la contrataci\u00f3n de los servicios.\n<h3>Destinatarios:<\/h3>\nLos datos no se comunicar\u00e1n a ning\u00fan tercero ajeno a OMNIOCIO S.L.U., salvo obligaci\u00f3n legal.\n<h3>Datos recopilados por usuarios de los servicios<\/h3>\nEn los casos en que el usuario incluya ficheros con datos de car\u00e1cter personal en los servidores de alojamiento compartido, OMNIOCIO S.L.U. no se hace responsable del incumplimiento por parte del usuario del RGPD.\n<h3>Derechos propiedad intelectual https:\/\/www.omniocio.com\/es\/<\/h3>\nOMNIOCIO S.L.U. es titular de todos los derechos de autor, propiedad intelectual, industrial, \u00abknow how\u00bb y cuantos otros derechos guardan relaci\u00f3n con los contenidos del sitio web https:\/\/www.omniocio.com\/es\/ y los servicios ofertados en el mismo, as\u00ed como de los programas necesarios para su implementaci\u00f3n y la informaci\u00f3n relacionada.\n\nNo se permite la reproducci\u00f3n, publicaci\u00f3n y\/o uso no estrictamente privado de los contenidos, totales o parciales, del sitio web https:\/\/www.omniocio.com\/es\/ sin el consentimiento previo y por escrito.\n<h3>Propiedad intelectual del software<\/h3>\nEl usuario debe respetar los programas de terceros puestos a su disposici\u00f3n por OMNIOCIO S.L.U., a\u00fan siendo gratuitos y\/o de disposici\u00f3n p\u00fablica.\n\nOMNIOCIO S.L.U. dispone de los derechos de explotaci\u00f3n y propiedad intelectual necesarios del software.\n\nEl usuario no adquiere derecho alguno o licencia por el servicio contratado, sobre el software necesario para la prestaci\u00f3n del servicio, ni tampoco sobre la informaci\u00f3n t\u00e9cnica de seguimiento del servicio, excepci\u00f3n hecha de los derechos y licencias necesarios para el cumplimiento de los servicios contratados y \u00fanicamente durante la duraci\u00f3n de los mismos.\n\nPara toda actuaci\u00f3n que exceda del cumplimiento del contrato, el usuario necesitar\u00e1 autorizaci\u00f3n por escrito por parte de OMNIOCIO S.L.U., quedando prohibido al usuario acceder, modificar, visualizar la configuraci\u00f3n, estructura y ficheros de los servidores propiedad de OMNIOCIO S.L.U., asumiendo la responsabilidad civil y penal derivada de cualquier incidencia que se pudiera producir en los servidores y sistemas de seguridad como consecuencia directa de una actuaci\u00f3n negligente o maliciosa por su parte.\n<h3>Propiedad intelectual de los contenidos alojados<\/h3>\nSe proh\u00edbe el uso contrario a la legislaci\u00f3n sobre propiedad intelectual de los servicios prestados por OMNIOCIO S.L.U. y, en particular de:\n\n\u00b7 La utilizaci\u00f3n que resulte contraria a las leyes espa\u00f1olas o que infrinja los derechos de terceros.\n\u00b7 La publicaci\u00f3n o la transmisi\u00f3n de cualquier contenido que, a juicio de OMNIOCIO S.L.U., resulte violento, obsceno, abusivo, ilegal, racial, xen\u00f3fobo o difamatorio.\n\u00b7 Los cracks, n\u00fameros de serie de programas o cualquier otro contenido que vulnere derechos de la propiedad intelectual de terceros.\n\u00b7 La recogida y\/o utilizaci\u00f3n de datos personales de otros usuarios sin su consentimiento expreso o contraviniendo lo dispuesto en el Reglamento (UE) 2016\/679 del Parlamento Europeo y del Consejo, de 27 de abril de 2016, relativo a la protecci\u00f3n de las personas f\u00edsicas en lo que respecta al tratamiento de datos personales y a la libre circulaci\u00f3n de los mismos.\n\u00b7 La utilizaci\u00f3n del servidor de correo del dominio y de las direcciones de correo electr\u00f3nico para el env\u00edo de correo masivo no deseado.\n\nEl usuario tiene toda la responsabilidad sobre el contenido de su web, la informaci\u00f3n transmitida y almacenada, los enlaces de hipertexto, las reivindicaciones de terceros y las acciones legales en referencia a propiedad intelectual, derechos de terceros y protecci\u00f3n de menores.\n\nEl usuario es responsable respecto a las leyes y reglamentos en vigor y las reglas que tienen que ver con el funcionamiento del servicio online, comercio electr\u00f3nico, derechos de autor, mantenimiento del orden p\u00fablico, as\u00ed como principios universales de uso de Internet.\n\nEl usuario indemnizar\u00e1 a OMNIOCIO S.L.U. por los gastos que generara la imputaci\u00f3n de OMNIOCIO S.L.U. en alguna causa cuya responsabilidad fuera atribuible al usuario, incluidos honorarios y gastos de defensa jur\u00eddica, incluso en el caso de una decisi\u00f3n judicial no definitiva.\n<h3>Protecci\u00f3n de la informaci\u00f3n alojada<\/h3>\nOMNIOCIO S.L.U. realiza copias de seguridad de los contenidos alojados en sus servidores, sin embargo no se responsabiliza de la p\u00e9rdida o el borrado accidental de los datos por parte de los usuarios. De igual manera, no garantiza la reposici\u00f3n total de los datos borrados por los usuarios, ya que los citados datos podr\u00edan haber sido suprimidos y\/o modificados durante el periodo del tiempo transcurrido desde la \u00faltima copia de seguridad.\n\nLos servicios ofertados, excepto los servicios espec\u00edficos de backup, no incluyen la reposici\u00f3n de los contenidos conservados en las copias de seguridad realizadas por OMNIOCIO S.L.U., cuando esta p\u00e9rdida sea imputable al usuario; en este caso, se determinar\u00e1 una tarifa acorde a la complejidad y volumen de la recuperaci\u00f3n, siempre previa aceptaci\u00f3n del usuario.\n\nLa reposici\u00f3n de datos borrados s\u00f3lo est\u00e1 incluida en el precio del servicio cuando la p\u00e9rdida del contenido sea debida a causas atribuibles a OMNIOCIO S.L.U..\n<h3>Comunicaciones comerciales<\/h3>\nEn aplicaci\u00f3n de la LSSI. OMNIOCIO S.L.U. no enviar\u00e1 comunicaciones publicitarias o promocionales por correo electr\u00f3nico u otro medio de comunicaci\u00f3n electr\u00f3nica equivalente que previamente no hubieran sido solicitadas o expresamente autorizadas por los destinatarios de las mismas.\n\nEn el caso de usuarios con los que exista una relaci\u00f3n contractual previa, OMNIOCIO S.L.U. s\u00ed est\u00e1 autorizado al env\u00edo de comunicaciones comerciales referentes a productos o servicios de OMNIOCIO S.L.U. que sean similares a los que inicialmente fueron objeto de contrataci\u00f3n con el cliente.\n\nEn todo caso, el usuario, tras acreditar su identidad, podr\u00e1 solicitar que no se le haga llegar m\u00e1s informaci\u00f3n comercial a trav\u00e9s de los canales de Atenci\u00f3n al Cliente.\t\t\t\t\t\t\t\t<\/div>\n\t\t\t\t<\/div>\n\t\t\t\t\t<\/div>\n\t\t<\/div>\n\t\t\t\t\t<\/div>\n\t\t<\/section>\n\t\t\t\t<\/div>\n\t\t","protected":false},"excerpt":{"rendered":"<p>Pol\u00edtica de privacidad Protecci\u00f3n de datos de car\u00e1cter personal seg\u00fan el RGPD OMNIOCIO S.L.U., en aplicaci\u00f3n de la normativa vigente en materia de protecci\u00f3n de datos de car\u00e1cter personal, informa que los datos personales que se recogen a trav\u00e9s de los formularios del Sitio web: https:\/\/www.omniocio.com\/es\/, se incluyen en los ficheros automatizados espec\u00edficos de usuarios de los servicios de OMNIOCIO S.L.U. La recogida y tratamiento automatizado de los datos de car\u00e1cter personal tiene como finalidad el mantenimiento de la relaci\u00f3n comercial y el desempe\u00f1o de tareas de informaci\u00f3n, formaci\u00f3n, asesoramiento y otras actividades propias de OMNIOCIO S.L.U. Estos datos \u00fanicamente ser\u00e1n cedidos a aquellas entidades que sean necesarias con el \u00fanico objetivo de dar cumplimiento a la finalidad anteriormente expuesta. OMNIOCIO S.L.U. adopta las medidas necesarias para garantizar la seguridad, integridad y confidencialidad de los datos conforme a lo dispuesto en el Reglamento (UE) 2016\/679 del Parlamento Europeo y del Consejo, de 27 de abril de 2016, relativo a la protecci\u00f3n de las personas f\u00edsicas en lo que respecta al tratamiento de datos personales y a la libre circulaci\u00f3n de los mismos. El usuario podr\u00e1 en cualquier momento ejercitar los derechos de acceso, oposici\u00f3n, rectificaci\u00f3n, cancelaci\u00f3n, limitaci\u00f3n y portabilidad reconocidos en el citado Reglamento (UE). El ejercicio de estos derechos puede realizarlo el propio usuario a trav\u00e9s de email a: lopd@omniocio.com o en la direcci\u00f3n: Avenida Matapi\u00f1onera 11, Bloque 2 Oficina 218, C.P. 28073 &#8211; San Sebasti\u00e1n De Los Reyes (Madrid). El usuario manifiesta que todos los datos facilitados por \u00e9l son ciertos y correctos, y se compromete a mantenerlos actualizados, comunicando los cambios a OMNIOCIO S.L.U. Finalidad del tratamiento de los datos personales: \u00bfCon qu\u00e9 finalidad trataremos tus datos personales? En OMNIOCIO S.L.U., trataremos tus datos personales recabados a trav\u00e9s del Sitio Web: https:\/\/www.omniocio.com\/es\/, con las siguientes finalidades: 1. Prestar sus servicios de acuerdo con las necesidades particulares de los clientes, con el fin de cumplir los contratos suscritos por la misma. 2. Facilitar la informaci\u00f3n solicitada por el usuario a trav\u00e9s del formulario de contacto. Te recordamos que puedes oponerte al env\u00edo de comunicaciones comerciales por cualquier v\u00eda y en cualquier momento, remitiendo un correo electr\u00f3nico a la direcci\u00f3n anteriormente indicada. Los campos de dichos registros son de cumplimentaci\u00f3n obligatoria, siendo imposible realizar las finalidades expresadas si no se aportan esos datos. \u00bfPor cu\u00e1nto tiempo se conservan los datos personales recabados? Los datos personales proporcionados se conservar\u00e1n mientras se mantenga la relaci\u00f3n comercial o no solicites su supresi\u00f3n y durante el plazo por el cu\u00e1l pudieran derivarse responsabilidades legales por los servicios prestados. Legitimaci\u00f3n: El tratamiento de tus datos se realiza con las siguientes bases jur\u00eddicas que legitiman el mismo: 1. La solicitud de informaci\u00f3n y\/o la contrataci\u00f3n de los servicios de OMNIOCIO S.L.U., cuyos t\u00e9rminos y condiciones se pondr\u00e1n a tu disposici\u00f3n en todo caso, de forma previa a una eventual contrataci\u00f3n. 2. El consentimiento libre, espec\u00edfico, informado e inequ\u00edvoco, en tanto que te informamos poniendo a tu disposici\u00f3n la presente pol\u00edtica de privacidad, que tras la lectura de la misma, en caso de estar conforme, puedes aceptar mediante una declaraci\u00f3n o una clara acci\u00f3n afirmativa, como el marcado de una casilla dispuesta al efecto. En caso de que no nos facilites tus datos o lo hagas de forma err\u00f3nea o incompleta, no podremos atender tu solicitud, resultando del todo imposible proporcionarte la informaci\u00f3n solicitada o llevar a cabo la contrataci\u00f3n de los servicios. Destinatarios: Los datos no se comunicar\u00e1n a ning\u00fan tercero ajeno a OMNIOCIO S.L.U., salvo obligaci\u00f3n legal. Datos recopilados por usuarios de los servicios En los casos en que el usuario incluya ficheros con datos de car\u00e1cter personal en los servidores de alojamiento compartido, OMNIOCIO S.L.U. no se hace responsable del incumplimiento por parte del usuario del RGPD. Derechos propiedad intelectual https:\/\/www.omniocio.com\/es\/ OMNIOCIO S.L.U. es titular de todos los derechos de autor, propiedad intelectual, industrial, \u00abknow how\u00bb y cuantos otros derechos guardan relaci\u00f3n con los contenidos del sitio web https:\/\/www.omniocio.com\/es\/ y los servicios ofertados en el mismo, as\u00ed como de los programas necesarios para su implementaci\u00f3n y la informaci\u00f3n relacionada. No se permite la reproducci\u00f3n, publicaci\u00f3n y\/o uso no estrictamente privado de los contenidos, totales o parciales, del sitio web https:\/\/www.omniocio.com\/es\/ sin el consentimiento previo y por escrito. Propiedad intelectual del software El usuario debe respetar los programas de terceros puestos a su disposici\u00f3n por OMNIOCIO S.L.U., a\u00fan siendo gratuitos y\/o de disposici\u00f3n p\u00fablica. OMNIOCIO S.L.U. dispone de los derechos de explotaci\u00f3n y propiedad intelectual necesarios del software. El usuario no adquiere derecho alguno o licencia por el servicio contratado, sobre el software necesario para la prestaci\u00f3n del servicio, ni tampoco sobre la informaci\u00f3n t\u00e9cnica de seguimiento del servicio, excepci\u00f3n hecha de los derechos y licencias necesarios para el cumplimiento de los servicios contratados y \u00fanicamente durante la duraci\u00f3n de los mismos. Para toda actuaci\u00f3n que exceda del cumplimiento del contrato, el usuario necesitar\u00e1 autorizaci\u00f3n por escrito por parte de OMNIOCIO S.L.U., quedando prohibido al usuario acceder, modificar, visualizar la configuraci\u00f3n, estructura y ficheros de los servidores propiedad de OMNIOCIO S.L.U., asumiendo la responsabilidad civil y penal derivada de cualquier incidencia que se pudiera producir en los servidores y sistemas de seguridad como consecuencia directa de una actuaci\u00f3n negligente o maliciosa por su parte. Propiedad intelectual de los contenidos alojados Se proh\u00edbe el uso contrario a la legislaci\u00f3n sobre propiedad intelectual de los servicios prestados por OMNIOCIO S.L.U. y, en particular de: \u00b7 La utilizaci\u00f3n que resulte contraria a las leyes espa\u00f1olas o que infrinja los derechos de terceros. \u00b7 La publicaci\u00f3n o la transmisi\u00f3n de cualquier contenido que, a juicio de OMNIOCIO S.L.U., resulte violento, obsceno, abusivo, ilegal, racial, xen\u00f3fobo o difamatorio. \u00b7 Los cracks, n\u00fameros de serie de programas o cualquier otro contenido que vulnere derechos de la propiedad intelectual de terceros. \u00b7 La recogida y\/o utilizaci\u00f3n de datos personales de otros usuarios sin su consentimiento expreso o contraviniendo lo dispuesto en el Reglamento (UE) 2016\/679 del Parlamento Europeo y del Consejo, de 27 de abril de 2016, relativo a la [&hellip;]<\/p>\n","protected":false},"author":166,"featured_media":0,"parent":0,"menu_order":0,"comment_status":"closed","ping_status":"closed","template":"","meta":{"om_disable_all_campaigns":false,"footnotes":""},"class_list":["post-7069","page","type-page","status-publish","hentry","post-no-thumbnail"],"aioseo_notices":[],"_links":{"self":[{"href":"https:\/\/www.omniocio.com\/es\/wp-json\/wp\/v2\/pages\/7069","targetHints":{"allow":["GET"]}}],"collection":[{"href":"https:\/\/www.omniocio.com\/es\/wp-json\/wp\/v2\/pages"}],"about":[{"href":"https:\/\/www.omniocio.com\/es\/wp-json\/wp\/v2\/types\/page"}],"author":[{"embeddable":true,"href":"https:\/\/www.omniocio.com\/es\/wp-json\/wp\/v2\/users\/166"}],"replies":[{"embeddable":true,"href":"https:\/\/www.omniocio.com\/es\/wp-json\/wp\/v2\/comments?post=7069"}],"version-history":[{"count":7,"href":"https:\/\/www.omniocio.com\/es\/wp-json\/wp\/v2\/pages\/7069\/revisions"}],"predecessor-version":[{"id":7246,"href":"https:\/\/www.omniocio.com\/es\/wp-json\/wp\/v2\/pages\/7069\/revisions\/7246"}],"wp:attachment":[{"href":"https:\/\/www.omniocio.com\/es\/wp-json\/wp\/v2\/media?parent=7069"}],"curies":[{"name":"wp","href":"https:\/\/api.w.org\/{rel}","templated":true}]}}