{"id":4318,"date":"2023-12-19T07:59:18","date_gmt":"2023-12-19T07:59:18","guid":{"rendered":"https:\/\/www.omniocio.com\/?page_id=4318"},"modified":"2025-02-19T11:28:49","modified_gmt":"2025-02-19T11:28:49","slug":"campamentos","status":"publish","type":"page","link":"https:\/\/www.omniocio.com\/es\/servicios-en-empresas\/campamentos\/","title":{"rendered":"Campamentos"},"content":{"rendered":"\t\t<div data-elementor-type=\"wp-page\" data-elementor-id=\"4318\" class=\"elementor elementor-4318\">\n\t\t\t\t\t\t<section class=\"elementor-section elementor-top-section elementor-element elementor-element-9f21456 elementor-section-height-min-height elementor-section-boxed elementor-section-gap-beside-yes elementor-section-height-default elementor-section-items-middle elementor-section-content-align-center elementor-section-column-vertical-align-stretch\" data-id=\"9f21456\" data-element_type=\"section\" data-settings=\"{&quot;background_background&quot;:&quot;classic&quot;}\">\n\t\t\t\t\t\t<div class=\"elementor-container elementor-column-gap-extended\">\n\t\t\t\t\t<div class=\"elementor-column elementor-col-100 elementor-top-column elementor-element elementor-element-c32f84f\" data-id=\"c32f84f\" data-element_type=\"column\">\n\t\t\t<div class=\"elementor-widget-wrap elementor-element-populated\">\n\t\t\t\t\t\t<div class=\"elementor-element elementor-element-f231ccc elementor-widget elementor-widget-tm-heading\" data-id=\"f231ccc\" data-element_type=\"widget\" data-widget_type=\"tm-heading.default\">\n\t\t\t\t<div class=\"elementor-widget-container\">\n\t\t\t\t\t\t\t<div class=\"tm-modern-heading\">\n\t\t\t\n\t\t\t\t\t<div class=\"heading-primary-wrap\">\n\t\t\t<h2 class=\"heading-primary elementor-heading-title\">Campamentos<\/h2>\t\t<\/div>\n\t\t\n\t\t\t\n\t\t\t\t\t<\/div>\n\t\t\t\t\t\t<\/div>\n\t\t\t\t<\/div>\n\t\t\t\t\t<\/div>\n\t\t<\/div>\n\t\t\t\t\t<\/div>\n\t\t<\/section>\n\t\t\t\t<section class=\"elementor-section elementor-top-section elementor-element elementor-element-92c637c elementor-section-boxed elementor-section-gap-beside-yes elementor-section-height-default elementor-section-height-default elementor-section-content-align-center elementor-section-column-vertical-align-stretch\" data-id=\"92c637c\" data-element_type=\"section\">\n\t\t\t\t\t\t<div class=\"elementor-container elementor-column-gap-extended\">\n\t\t\t\t\t<div class=\"elementor-column elementor-col-100 elementor-top-column elementor-element elementor-element-bb01751\" data-id=\"bb01751\" data-element_type=\"column\">\n\t\t\t<div class=\"elementor-widget-wrap elementor-element-populated\">\n\t\t\t\t\t\t<div class=\"elementor-element elementor-element-eb18772 edumall-modern-heading-style-01 elementor-widget elementor-widget-tm-heading\" data-id=\"eb18772\" data-element_type=\"widget\" data-widget_type=\"tm-heading.default\">\n\t\t\t\t<div class=\"elementor-widget-container\">\n\t\t\t\t\t\t\t<div class=\"tm-modern-heading\">\n\t\t\t\n\t\t\t\t\t<div class=\"heading-primary-wrap\">\n\t\t\t<h2 class=\"heading-primary elementor-heading-title\">Campamentos urbanos<\/h2>\t\t<\/div>\n\t\t\n\t\t\t\n\t\t\t\t\t<div class=\"heading-description-wrap\">\n\t\t\t<div class=\"heading-description\">\n\t\t\t\t<p>En Omniocio somos especialistas en ocio infantil y juvenil. Organizamos campamentos y D\u00edas sin Cole, adapt\u00e1ndonos siempre a las necesidades de nuestros clientes y ofreciendo un servicio integral. Nuestro equipo multidisciplinar est\u00e1 formado por 300 profesionales con amplia experiencia en el sector educativo y empresarial. La calidad e innovaci\u00f3n definen nuestra personalidad, y es la que hace que a\u00f1o a a\u00f1o nuestros clientes sigan confiando en nosotros. Nuestro compromiso es lograr que empresa y empleados ganen a trav\u00e9s de soluciones a medida con ni\u00f1os.<\/p>\t\t\t<\/div>\n\t\t<\/div>\n\t\t\t<\/div>\n\t\t\t\t\t\t<\/div>\n\t\t\t\t<\/div>\n\t\t\t\t\t<\/div>\n\t\t<\/div>\n\t\t\t\t\t<\/div>\n\t\t<\/section>\n\t\t\t\t<section class=\"elementor-section elementor-top-section elementor-element elementor-element-2360e22 elementor-section-boxed elementor-section-gap-beside-yes elementor-section-height-default elementor-section-height-default elementor-section-content-align-center elementor-section-column-vertical-align-stretch\" data-id=\"2360e22\" data-element_type=\"section\">\n\t\t\t\t\t\t<div class=\"elementor-container elementor-column-gap-extended\">\n\t\t\t\t\t<div class=\"elementor-column elementor-col-100 elementor-top-column elementor-element elementor-element-9642b49\" data-id=\"9642b49\" data-element_type=\"column\">\n\t\t\t<div class=\"elementor-widget-wrap elementor-element-populated\">\n\t\t\t\t\t\t<div class=\"elementor-element elementor-element-d3dcc5e edumall-modern-heading-style-01 elementor-widget elementor-widget-tm-heading\" data-id=\"d3dcc5e\" data-element_type=\"widget\" data-widget_type=\"tm-heading.default\">\n\t\t\t\t<div class=\"elementor-widget-container\">\n\t\t\t\t\t\t\t<div class=\"tm-modern-heading\">\n\t\t\t\n\t\t\t\n\t\t\t\n\t\t\t\t\t<div class=\"heading-description-wrap\">\n\t\t\t<div class=\"heading-description\">\n\t\t\t\t<p>En Omniocio somos especialistas en ocio infantil y juvenil. Organizamos campamentos y D\u00edas sin Cole, adapt\u00e1ndonos siempre a las necesidades de nuestros clientes y ofreciendo un servicio integral. Nuestro equipo multidisciplinar est\u00e1 formado por 300 profesionales con amplia experiencia en el sector educativo y empresarial. La calidad e innovaci\u00f3n definen nuestra personalidad, y es la que hace que a\u00f1o a a\u00f1o nuestros clientes sigan confiando en nosotros. Nuestro compromiso es lograr que empresa y empleados ganen a trav\u00e9s de soluciones a medida con ni\u00f1os.<\/p>\t\t\t<\/div>\n\t\t<\/div>\n\t\t\t<\/div>\n\t\t\t\t\t\t<\/div>\n\t\t\t\t<\/div>\n\t\t\t\t\t<\/div>\n\t\t<\/div>\n\t\t\t\t\t<\/div>\n\t\t<\/section>\n\t\t\t\t<section class=\"elementor-section elementor-top-section elementor-element elementor-element-3a4af45 elementor-section-boxed elementor-section-gap-beside-yes elementor-section-height-default elementor-section-height-default elementor-section-content-align-center elementor-section-column-vertical-align-stretch\" data-id=\"3a4af45\" data-element_type=\"section\">\n\t\t\t\t\t\t<div class=\"elementor-container elementor-column-gap-extended\">\n\t\t\t\t\t<div class=\"elementor-column elementor-col-100 elementor-top-column elementor-element elementor-element-879cfca\" data-id=\"879cfca\" data-element_type=\"column\">\n\t\t\t<div class=\"elementor-widget-wrap elementor-element-populated\">\n\t\t\t\t\t\t<div class=\"elementor-element elementor-element-521c5e3 edumall-modern-heading-style-01 elementor-widget elementor-widget-tm-heading\" data-id=\"521c5e3\" data-element_type=\"widget\" data-widget_type=\"tm-heading.default\">\n\t\t\t\t<div class=\"elementor-widget-container\">\n\t\t\t\t\t\t\t<div class=\"tm-modern-heading\">\n\t\t\t\n\t\t\t\t\t<div class=\"heading-primary-wrap\">\n\t\t\t<h2 class=\"heading-primary elementor-heading-title\">Adaptados a las necesidades de nuestros clientes<\/h2>\t\t<\/div>\n\t\t\n\t\t\t\n\t\t\t\t\t<div class=\"heading-description-wrap\">\n\t\t\t<div class=\"heading-description\">\n\t\t\t\t<p>Somos la primera experiencia de ocio y tiempo libre para los m\u00e1s peque\u00f1os, a partir de 0 a\u00f1os y hasta los 14. Crecemos con ellos y sus familias. Esto hace que a\u00f1o tras a\u00f1o seamos part\u00edcipes del desarrollo de los ni\u00f1os y nuestra relaci\u00f3n con las familias se afiance, implic\u00e1ndolas en nuestras actividades.<\/p>\t\t\t<\/div>\n\t\t<\/div>\n\t\t\t<\/div>\n\t\t\t\t\t\t<\/div>\n\t\t\t\t<\/div>\n\t\t\t\t<section class=\"elementor-section elementor-inner-section elementor-element elementor-element-44e2d01 elementor-section-boxed elementor-section-gap-beside-yes elementor-section-height-default elementor-section-height-default elementor-section-column-vertical-align-stretch\" data-id=\"44e2d01\" data-element_type=\"section\">\n\t\t\t\t\t\t<div class=\"elementor-container elementor-column-gap-extended\">\n\t\t\t\t\t<div class=\"elementor-column elementor-col-25 elementor-inner-column elementor-element elementor-element-326bfd3 elementor-hidden-tablet elementor-hidden-mobile\" data-id=\"326bfd3\" data-element_type=\"column\">\n\t\t\t<div class=\"elementor-widget-wrap\">\n\t\t\t\t\t\t\t<\/div>\n\t\t<\/div>\n\t\t\t\t<div class=\"elementor-column elementor-col-25 elementor-inner-column elementor-element elementor-element-ecfd1ef\" data-id=\"ecfd1ef\" data-element_type=\"column\">\n\t\t\t<div class=\"elementor-widget-wrap elementor-element-populated\">\n\t\t\t\t\t\t<div class=\"elementor-element elementor-element-9736468 edumall-animation-zoom-in elementor-widget elementor-widget-tm-image-box\" data-id=\"9736468\" data-element_type=\"widget\" data-widget_type=\"tm-image-box.default\">\n\t\t\t\t<div class=\"elementor-widget-container\">\n\t\t\t\t\t\t\t<div class=\"tm-image-box edumall-box style-03 image-position-top content-alignment-\">\t\t<div class=\"content-wrap\">\n\n\t\t\t\t\t\t\t<div class=\"image-wrap\">\n\t\t\t\t\t<div class=\"edumall-image image\">\n\t\t\t\t\t\t<img decoding=\"async\"  loading=\"lazy\" src=\"https:\/\/www.omniocio.com\/wp-content\/uploads\/2023\/12\/campamentos-urbanos-campamentos.jpeg\" alt=\"campamentos-urbanos-campamentos\" \/>\t\t\t\t\t<\/div>\n\n\t\t\t\t\t\t\t\t\t\t\t<h3 class=\"title\">Campamentos urbanos<\/h3>\t\t\t\t\t\t\t\t\t<\/div>\n\t\t\t\n\t\t\t<div class=\"box-caption-wrap\">\n\t\t\t\t<div class=\"box-caption\">\n\t\t\t\t\t\n\t\t\t\t\t\t\t<div class=\"description\">\n\t\t\tCampamentos en <b>entornos laborales<\/b> adaptados a los horarios y necesidades de las empresas. Cuentan con una programaci\u00f3n tem\u00e1tica y personal especializado que se quedan a cargo de los ni\u00f1os en \u00e9pocas de vacaciones. Los padres pueden seguir el trancurso del campamento a trav\u00e9s de un <b>blog propio de uso privado<\/b>.\t\t<\/div>\n\t\t\n\t\t\t\t\t\t\t\t\t<\/div>\n\t\t\t<\/div>\n\n\t\t<\/div>\n\t\t<\/div>\t\t\t\t\t\t<\/div>\n\t\t\t\t<\/div>\n\t\t\t\t\t<\/div>\n\t\t<\/div>\n\t\t\t\t<div class=\"elementor-column elementor-col-25 elementor-inner-column elementor-element elementor-element-ecbee56\" data-id=\"ecbee56\" data-element_type=\"column\">\n\t\t\t<div class=\"elementor-widget-wrap elementor-element-populated\">\n\t\t\t\t\t\t<div class=\"elementor-element elementor-element-94c4268 edumall-animation-zoom-in elementor-widget elementor-widget-tm-image-box\" data-id=\"94c4268\" data-element_type=\"widget\" data-widget_type=\"tm-image-box.default\">\n\t\t\t\t<div class=\"elementor-widget-container\">\n\t\t\t\t\t\t\t<div class=\"tm-image-box edumall-box style-03 image-position-top content-alignment-\">\t\t<div class=\"content-wrap\">\n\n\t\t\t\t\t\t\t<div class=\"image-wrap\">\n\t\t\t\t\t<div class=\"edumall-image image\">\n\t\t\t\t\t\t<img decoding=\"async\"  loading=\"lazy\" src=\"https:\/\/www.omniocio.com\/wp-content\/uploads\/2023\/12\/campamentos-pernocta-campamentos.jpeg\" alt=\"campamentos-pernocta-campamentos\" \/>\t\t\t\t\t<\/div>\n\n\t\t\t\t\t\t\t\t\t\t\t<h3 class=\"title\">Campamentos de pernocta<\/h3>\t\t\t\t\t\t\t\t\t<\/div>\n\t\t\t\n\t\t\t<div class=\"box-caption-wrap\">\n\t\t\t\t<div class=\"box-caption\">\n\t\t\t\t\t\n\t\t\t\t\t\t\t<div class=\"description\">\n\t\t\tCampamentos de deporte y multiaventura <b>para hijos de empleados<\/b> y adaptados a la demanda del cliente. Con programaci\u00f3n y tem\u00e1tica propia del campamento, cuentan con un equipo de monitores y un coordinador que velar\u00e1 por el buen desarrollo del campamento. Adem\u00e1s los padres cuentan con un <b>blog privado<\/b> donde d\u00eda a d\u00eda se cuelga informaci\u00f3n sobre el transcurso de la jornada.\t\t<\/div>\n\t\t\n\t\t\t\t\t\t\t\t\t<\/div>\n\t\t\t<\/div>\n\n\t\t<\/div>\n\t\t<\/div>\t\t\t\t\t\t<\/div>\n\t\t\t\t<\/div>\n\t\t\t\t\t<\/div>\n\t\t<\/div>\n\t\t\t\t<div class=\"elementor-column elementor-col-25 elementor-inner-column elementor-element elementor-element-f67c699 elementor-hidden-tablet elementor-hidden-mobile\" data-id=\"f67c699\" data-element_type=\"column\">\n\t\t\t<div class=\"elementor-widget-wrap\">\n\t\t\t\t\t\t\t<\/div>\n\t\t<\/div>\n\t\t\t\t\t<\/div>\n\t\t<\/section>\n\t\t\t\t\t<\/div>\n\t\t<\/div>\n\t\t\t\t\t<\/div>\n\t\t<\/section>\n\t\t\t\t<section class=\"elementor-section elementor-top-section elementor-element elementor-element-2965d08 elementor-section-boxed elementor-section-gap-beside-yes elementor-section-height-default elementor-section-height-default elementor-section-content-align-center elementor-section-column-vertical-align-stretch\" data-id=\"2965d08\" data-element_type=\"section\" data-settings=\"{&quot;background_background&quot;:&quot;classic&quot;}\">\n\t\t\t\t\t\t<div class=\"elementor-container elementor-column-gap-extended\">\n\t\t\t\t\t<div class=\"elementor-column elementor-col-100 elementor-top-column elementor-element elementor-element-4f5a785\" data-id=\"4f5a785\" data-element_type=\"column\">\n\t\t\t<div class=\"elementor-widget-wrap elementor-element-populated\">\n\t\t\t\t\t\t<div class=\"elementor-element elementor-element-e76b539 elementor-widget elementor-widget-tm-heading\" data-id=\"e76b539\" data-element_type=\"widget\" data-widget_type=\"tm-heading.default\">\n\t\t\t\t<div class=\"elementor-widget-container\">\n\t\t\t\t\t\t\t<div class=\"tm-modern-heading\">\n\t\t\t\n\t\t\t\t\t<div class=\"heading-primary-wrap\">\n\t\t\t<h2 class=\"heading-primary elementor-heading-title\">\u00bfC\u00f3mo trabajamos?<\/h2>\t\t<\/div>\n\t\t\n\t\t\t\n\t\t\t\t\t<\/div>\n\t\t\t\t\t\t<\/div>\n\t\t\t\t<\/div>\n\t\t\t\t<div class=\"elementor-element elementor-element-7a1f31f edumall-tabs-style-01 edumall-tabs-view-horizontal elementor-widget elementor-widget-tm-tabs\" data-id=\"7a1f31f\" data-element_type=\"widget\" data-widget_type=\"tm-tabs.default\">\n\t\t\t\t<div class=\"elementor-widget-container\">\n\t\t\t\t\t\t\t\t\t\t\n\t\t\t\t\t\t\t\t\n\t\t\t\t\t\t\t\t\n\t\t\t\t\t\t\t\t\n\t\t\t\t\t\n\t\t<div class=\"edumall-tabpanel edumall-tabpanel-horizontal\" role=\"tablist\">\n\t\t\t<ul class=\"edumall-nav-tabs\">\t\t\t<li role=\"tab\" class=\"active\">\n\t\t\t\t<a href=\"javascript:void(0);\" class=\"edumall-tab-title edumall-desktop-heading\">\n\t\t\t\t\t\t\t\t\t\t<div class=\"nav-tab-heading\">\n\t\t\t\t\t\t<div class=\"nav-tab-title\">Aventuras tem\u00e1ticas<\/div>\n\t\t\t\t\t\t\t\t\t\t\t<\/div>\n\t\t\t\t<\/a>\n\t\t\t<\/li>\n\t\t\t\t\t\t<li role=\"tab\">\n\t\t\t\t<a href=\"javascript:void(0);\" class=\"edumall-tab-title edumall-desktop-heading\">\n\t\t\t\t\t\t\t\t\t\t<div class=\"nav-tab-heading\">\n\t\t\t\t\t\t<div class=\"nav-tab-title\">Una misma tribu<\/div>\n\t\t\t\t\t\t\t\t\t\t\t<\/div>\n\t\t\t\t<\/a>\n\t\t\t<\/li>\n\t\t\t\t\t\t<li role=\"tab\">\n\t\t\t\t<a href=\"javascript:void(0);\" class=\"edumall-tab-title edumall-desktop-heading\">\n\t\t\t\t\t\t\t\t\t\t<div class=\"nav-tab-heading\">\n\t\t\t\t\t\t<div class=\"nav-tab-title\">Metodolog\u00eda activa<\/div>\n\t\t\t\t\t\t\t\t\t\t\t<\/div>\n\t\t\t\t<\/a>\n\t\t\t<\/li>\n\t\t\t\t\t\t<li role=\"tab\">\n\t\t\t\t<a href=\"javascript:void(0);\" class=\"edumall-tab-title edumall-desktop-heading\">\n\t\t\t\t\t\t\t\t\t\t<div class=\"nav-tab-heading\">\n\t\t\t\t\t\t<div class=\"nav-tab-title\">Aprendizaje l\u00fadico<\/div>\n\t\t\t\t\t\t\t\t\t\t\t<\/div>\n\t\t\t\t<\/a>\n\t\t\t<\/li>\n\t\t\t<\/ul>\n\t\t\t<div class=\"edumall-tab-content\">\t\t\t<div class=\"tab-panel active\">\n\t\t\t\t<div class=\"edumall-tab-title tab-mobile-heading\">\n\t\t\t\t\t\t\t\t\t\t<div class=\"nav-tab-heading\">\n\t\t\t\t\t\t<div class=\"nav-tab-title\">Aventuras tem\u00e1ticas<\/div>\n\t\t\t\t\t\t\t\t\t\t\t<\/div>\n\t\t\t\t<\/div>\n\t\t\t\t<div class=\"tab-content\">\n\t\t\t\t\t\t\t\t\t\t\t<div class=\"item_introtext\"><p>Nuestros Campamentos y D\u00edas sin Cole se estructuran con una programaci\u00f3n que mantine un hilo conductor pensado y adaptado previamente a las circunstancias concretas de la empresa y sus empleados o clientes. En muchas ocasiones, dicha tem\u00e1tica va variando en funci\u00f3n de la \u00e9poca del a\u00f1o, la localizaci\u00f3n, u otras especificaciones propias de la demanda del servcio.<\/p><p>Conoce m\u00e1s sobre nuestros campamentos en el blog <a href=\"http:\/\/campamentosomniocio.blogspot.com.es\/\" target=\"_blank\" rel=\"noopener noreferrer\">http:\/\/campamentosomniocio.blogspot.com.es\/<\/a><\/p><\/div>\t\t\t\t\t\t\t\t\t<\/div>\n\t\t\t<\/div>\n\t\t\t\t\t\t<div class=\"tab-panel\">\n\t\t\t\t<div class=\"edumall-tab-title tab-mobile-heading\">\n\t\t\t\t\t\t\t\t\t\t<div class=\"nav-tab-heading\">\n\t\t\t\t\t\t<div class=\"nav-tab-title\">Una misma tribu<\/div>\n\t\t\t\t\t\t\t\t\t\t\t<\/div>\n\t\t\t\t<\/div>\n\t\t\t\t<div class=\"tab-content\">\n\t\t\t\t\t\t\t\t\t\t\t<p>Somos una gran familia, una Tribu formada por 3 Clanes en funci\u00f3n de las edades de los ni\u00f1os con actividades especiales y exclusivas para ellos.<\/p><ul><li class=\"firstItem\">Una tradici\u00f3n basada en el disfrute, la aventura y la cooperaci\u00f3n.<\/li><li>Un lema \u00a1Todos somos importantes!<\/li><li>Un idioma com\u00fan, la risa y la confianza.<\/li><li class=\"lastItem\">Un esp\u00edritu emprendedor y creativo.<\/li><\/ul>\t\t\t\t\t\t\t\t\t<\/div>\n\t\t\t<\/div>\n\t\t\t\t\t\t<div class=\"tab-panel\">\n\t\t\t\t<div class=\"edumall-tab-title tab-mobile-heading\">\n\t\t\t\t\t\t\t\t\t\t<div class=\"nav-tab-heading\">\n\t\t\t\t\t\t<div class=\"nav-tab-title\">Metodolog\u00eda activa<\/div>\n\t\t\t\t\t\t\t\t\t\t\t<\/div>\n\t\t\t\t<\/div>\n\t\t\t\t<div class=\"tab-content\">\n\t\t\t\t\t\t\t\t\t\t\t<div class=\"item_introtext\"><p>Nuestra filosof\u00eda de trabajo es activa, participativa y cercana, fomentando la creatividad, la innovaci\u00f3n, el medio natural y el protagonismo de los ni\u00f1os.<\/p><\/div>\t\t\t\t\t\t\t\t\t<\/div>\n\t\t\t<\/div>\n\t\t\t\t\t\t<div class=\"tab-panel\">\n\t\t\t\t<div class=\"edumall-tab-title tab-mobile-heading\">\n\t\t\t\t\t\t\t\t\t\t<div class=\"nav-tab-heading\">\n\t\t\t\t\t\t<div class=\"nav-tab-title\">Aprendizaje l\u00fadico<\/div>\n\t\t\t\t\t\t\t\t\t\t\t<\/div>\n\t\t\t\t<\/div>\n\t\t\t\t<div class=\"tab-content\">\n\t\t\t\t\t\t\t\t\t\t\t<p>A trav\u00e9s de nuestros Campamentos se pretende convertir el periodo vacacional o de ocio en un momento para descubrir nuevas formas de aprendizaje y expresi\u00f3n mediante el juego y la socializaci\u00f3n.<\/p>\t\t\t\t\t\t\t\t\t<\/div>\n\t\t\t<\/div>\n\t\t\t<\/div>\n\t\t<\/div>\n\t\t\t\t\t\t<\/div>\n\t\t\t\t<\/div>\n\t\t\t\t\t<\/div>\n\t\t<\/div>\n\t\t\t\t\t<\/div>\n\t\t<\/section>\n\t\t\t\t<\/div>\n\t\t","protected":false},"excerpt":{"rendered":"<p>Campamentos Campamentos urbanos En Omniocio somos especialistas en ocio infantil y juvenil. Organizamos campamentos y D\u00edas sin Cole, adapt\u00e1ndonos siempre a las necesidades de nuestros clientes y ofreciendo un servicio integral. Nuestro equipo multidisciplinar est\u00e1 formado por 300 profesionales con amplia experiencia en el sector educativo y empresarial. La calidad e innovaci\u00f3n definen nuestra personalidad, y es la que hace que a\u00f1o a a\u00f1o nuestros clientes sigan confiando en nosotros. Nuestro compromiso es lograr que empresa y empleados ganen a trav\u00e9s de soluciones a medida con ni\u00f1os. En Omniocio somos especialistas en ocio infantil y juvenil. Organizamos campamentos y D\u00edas sin Cole, adapt\u00e1ndonos siempre a las necesidades de nuestros clientes y ofreciendo un servicio integral. Nuestro equipo multidisciplinar est\u00e1 formado por 300 profesionales con amplia experiencia en el sector educativo y empresarial. La calidad e innovaci\u00f3n definen nuestra personalidad, y es la que hace que a\u00f1o a a\u00f1o nuestros clientes sigan confiando en nosotros. Nuestro compromiso es lograr que empresa y empleados ganen a trav\u00e9s de soluciones a medida con ni\u00f1os. Adaptados a las necesidades de nuestros clientes Somos la primera experiencia de ocio y tiempo libre para los m\u00e1s peque\u00f1os, a partir de 0 a\u00f1os y hasta los 14. Crecemos con ellos y sus familias. Esto hace que a\u00f1o tras a\u00f1o seamos part\u00edcipes del desarrollo de los ni\u00f1os y nuestra relaci\u00f3n con las familias se afiance, implic\u00e1ndolas en nuestras actividades. Campamentos urbanos Campamentos en entornos laborales adaptados a los horarios y necesidades de las empresas. Cuentan con una programaci\u00f3n tem\u00e1tica y personal especializado que se quedan a cargo de los ni\u00f1os en \u00e9pocas de vacaciones. Los padres pueden seguir el trancurso del campamento a trav\u00e9s de un blog propio de uso privado. Campamentos de pernocta Campamentos de deporte y multiaventura para hijos de empleados y adaptados a la demanda del cliente. Con programaci\u00f3n y tem\u00e1tica propia del campamento, cuentan con un equipo de monitores y un coordinador que velar\u00e1 por el buen desarrollo del campamento. Adem\u00e1s los padres cuentan con un blog privado donde d\u00eda a d\u00eda se cuelga informaci\u00f3n sobre el transcurso de la jornada. \u00bfC\u00f3mo trabajamos? Aventuras tem\u00e1ticas Una misma tribu Metodolog\u00eda activa Aprendizaje l\u00fadico Aventuras tem\u00e1ticas Nuestros Campamentos y D\u00edas sin Cole se estructuran con una programaci\u00f3n que mantine un hilo conductor pensado y adaptado previamente a las circunstancias concretas de la empresa y sus empleados o clientes. En muchas ocasiones, dicha tem\u00e1tica va variando en funci\u00f3n de la \u00e9poca del a\u00f1o, la localizaci\u00f3n, u otras especificaciones propias de la demanda del servcio. Conoce m\u00e1s sobre nuestros campamentos en el blog http:\/\/campamentosomniocio.blogspot.com.es\/ Una misma tribu Somos una gran familia, una Tribu formada por 3 Clanes en funci\u00f3n de las edades de los ni\u00f1os con actividades especiales y exclusivas para ellos. Una tradici\u00f3n basada en el disfrute, la aventura y la cooperaci\u00f3n. Un lema \u00a1Todos somos importantes! Un idioma com\u00fan, la risa y la confianza. Un esp\u00edritu emprendedor y creativo. Metodolog\u00eda activa Nuestra filosof\u00eda de trabajo es activa, participativa y cercana, fomentando la creatividad, la innovaci\u00f3n, el medio natural y el protagonismo de los ni\u00f1os. Aprendizaje l\u00fadico A trav\u00e9s de nuestros Campamentos se pretende convertir el periodo vacacional o de ocio en un momento para descubrir nuevas formas de aprendizaje y expresi\u00f3n mediante el juego y la socializaci\u00f3n.<\/p>\n","protected":false},"author":166,"featured_media":0,"parent":4268,"menu_order":0,"comment_status":"closed","ping_status":"closed","template":"","meta":{"om_disable_all_campaigns":false,"footnotes":""},"class_list":["post-4318","page","type-page","status-publish","hentry","post-no-thumbnail"],"aioseo_notices":[],"_links":{"self":[{"href":"https:\/\/www.omniocio.com\/es\/wp-json\/wp\/v2\/pages\/4318","targetHints":{"allow":["GET"]}}],"collection":[{"href":"https:\/\/www.omniocio.com\/es\/wp-json\/wp\/v2\/pages"}],"about":[{"href":"https:\/\/www.omniocio.com\/es\/wp-json\/wp\/v2\/types\/page"}],"author":[{"embeddable":true,"href":"https:\/\/www.omniocio.com\/es\/wp-json\/wp\/v2\/users\/166"}],"replies":[{"embeddable":true,"href":"https:\/\/www.omniocio.com\/es\/wp-json\/wp\/v2\/comments?post=4318"}],"version-history":[{"count":202,"href":"https:\/\/www.omniocio.com\/es\/wp-json\/wp\/v2\/pages\/4318\/revisions"}],"predecessor-version":[{"id":7242,"href":"https:\/\/www.omniocio.com\/es\/wp-json\/wp\/v2\/pages\/4318\/revisions\/7242"}],"up":[{"embeddable":true,"href":"https:\/\/www.omniocio.com\/es\/wp-json\/wp\/v2\/pages\/4268"}],"wp:attachment":[{"href":"https:\/\/www.omniocio.com\/es\/wp-json\/wp\/v2\/media?parent=4318"}],"curies":[{"name":"wp","href":"https:\/\/api.w.org\/{rel}","templated":true}]}}