{"id":4245,"date":"2023-12-18T16:00:30","date_gmt":"2023-12-18T16:00:30","guid":{"rendered":"https:\/\/www.omniocio.com\/?page_id=4245"},"modified":"2025-02-14T08:35:19","modified_gmt":"2025-02-14T08:35:19","slug":"gestion-de-salas","status":"publish","type":"page","link":"https:\/\/www.omniocio.com\/es\/en-centros-comerciales\/gestion-de-salas\/","title":{"rendered":"Gesti\u00f3n de salas"},"content":{"rendered":"\t\t<div data-elementor-type=\"wp-page\" data-elementor-id=\"4245\" class=\"elementor elementor-4245\">\n\t\t\t\t\t\t<section class=\"elementor-section elementor-top-section elementor-element elementor-element-3fcad70 elementor-section-height-min-height elementor-section-boxed elementor-section-gap-beside-yes elementor-section-height-default elementor-section-items-middle elementor-section-content-align-center elementor-section-column-vertical-align-stretch\" data-id=\"3fcad70\" data-element_type=\"section\" data-settings=\"{&quot;background_background&quot;:&quot;classic&quot;}\">\n\t\t\t\t\t\t<div class=\"elementor-container elementor-column-gap-extended\">\n\t\t\t\t\t<div class=\"elementor-column elementor-col-100 elementor-top-column elementor-element elementor-element-f27714f\" data-id=\"f27714f\" data-element_type=\"column\">\n\t\t\t<div class=\"elementor-widget-wrap elementor-element-populated\">\n\t\t\t\t\t\t<div class=\"elementor-element elementor-element-e941dfe elementor-widget elementor-widget-tm-heading\" data-id=\"e941dfe\" data-element_type=\"widget\" data-widget_type=\"tm-heading.default\">\n\t\t\t\t<div class=\"elementor-widget-container\">\n\t\t\t\t\t\t\t<div class=\"tm-modern-heading\">\n\t\t\t\n\t\t\t\t\t<div class=\"heading-primary-wrap\">\n\t\t\t<h2 class=\"heading-primary elementor-heading-title\">Gesti\u00f3n de salas<\/h2>\t\t<\/div>\n\t\t\n\t\t\t\n\t\t\t\t\t<\/div>\n\t\t\t\t\t\t<\/div>\n\t\t\t\t<\/div>\n\t\t\t\t\t<\/div>\n\t\t<\/div>\n\t\t\t\t\t<\/div>\n\t\t<\/section>\n\t\t\t\t<section class=\"elementor-section elementor-top-section elementor-element elementor-element-d8844ad elementor-section-boxed elementor-section-gap-beside-yes elementor-section-height-default elementor-section-height-default elementor-section-content-align-center elementor-section-column-vertical-align-stretch\" data-id=\"d8844ad\" data-element_type=\"section\">\n\t\t\t\t\t\t<div class=\"elementor-container elementor-column-gap-extended\">\n\t\t\t\t\t<div class=\"elementor-column elementor-col-100 elementor-top-column elementor-element elementor-element-e15fcc2\" data-id=\"e15fcc2\" data-element_type=\"column\">\n\t\t\t<div class=\"elementor-widget-wrap elementor-element-populated\">\n\t\t\t\t\t\t<div class=\"elementor-element elementor-element-ec524cd edumall-modern-heading-style-01 elementor-widget elementor-widget-tm-heading\" data-id=\"ec524cd\" data-element_type=\"widget\" data-widget_type=\"tm-heading.default\">\n\t\t\t\t<div class=\"elementor-widget-container\">\n\t\t\t\t\t\t\t<div class=\"tm-modern-heading\">\n\t\t\t\n\t\t\t\t\t<div class=\"heading-primary-wrap\">\n\t\t\t<h2 class=\"heading-primary elementor-heading-title\">App web GISO Gesti\u00f3n de salas<\/h2>\t\t<\/div>\n\t\t\n\t\t\t\n\t\t\t\t\t<div class=\"heading-description-wrap\">\n\t\t\t<div class=\"heading-description\">\n\t\t\t\t<p>Disponemos de una Aplicaci\u00f3n de Gesti\u00f3n de Salas Infantiles GISO\u00a9 donde nuestros clientes obtienen informaci\u00f3n en tiempo real y estad\u00edsticas a medida para una \u00f3ptima gesti\u00f3n del espacio infantil.<\/p>\t\t\t<\/div>\n\t\t<\/div>\n\t\t\t<\/div>\n\t\t\t\t\t\t<\/div>\n\t\t\t\t<\/div>\n\t\t\t\t<div class=\"elementor-element elementor-element-9a9861b elementor-widget elementor-widget-image\" data-id=\"9a9861b\" data-element_type=\"widget\" data-widget_type=\"image.default\">\n\t\t\t\t<div class=\"elementor-widget-container\">\n\t\t\t\t\t\t\t\t\t\t\t\t\t\t\t<img fetchpriority=\"high\" decoding=\"async\" width=\"954\" height=\"507\" src=\"https:\/\/www.omniocio.com\/wp-content\/uploads\/2023\/12\/imagen-giso-gestion-de-salas.jpeg\" class=\"attachment-full size-full wp-image-4248\" alt=\"\" \/>\t\t\t\t\t\t\t\t\t\t\t\t\t\t\t<\/div>\n\t\t\t\t<\/div>\n\t\t\t\t\t<\/div>\n\t\t<\/div>\n\t\t\t\t\t<\/div>\n\t\t<\/section>\n\t\t\t\t<\/div>\n\t\t","protected":false},"excerpt":{"rendered":"<p>Gesti\u00f3n de salas App web GISO Gesti\u00f3n de salas Disponemos de una Aplicaci\u00f3n de Gesti\u00f3n de Salas Infantiles GISO\u00a9 donde nuestros clientes obtienen informaci\u00f3n en tiempo real y estad\u00edsticas a medida para una \u00f3ptima gesti\u00f3n del espacio infantil.<\/p>\n","protected":false},"author":166,"featured_media":0,"parent":4020,"menu_order":0,"comment_status":"closed","ping_status":"closed","template":"","meta":{"om_disable_all_campaigns":false,"footnotes":""},"class_list":["post-4245","page","type-page","status-publish","hentry","post-no-thumbnail"],"aioseo_notices":[],"_links":{"self":[{"href":"https:\/\/www.omniocio.com\/es\/wp-json\/wp\/v2\/pages\/4245","targetHints":{"allow":["GET"]}}],"collection":[{"href":"https:\/\/www.omniocio.com\/es\/wp-json\/wp\/v2\/pages"}],"about":[{"href":"https:\/\/www.omniocio.com\/es\/wp-json\/wp\/v2\/types\/page"}],"author":[{"embeddable":true,"href":"https:\/\/www.omniocio.com\/es\/wp-json\/wp\/v2\/users\/166"}],"replies":[{"embeddable":true,"href":"https:\/\/www.omniocio.com\/es\/wp-json\/wp\/v2\/comments?post=4245"}],"version-history":[{"count":25,"href":"https:\/\/www.omniocio.com\/es\/wp-json\/wp\/v2\/pages\/4245\/revisions"}],"predecessor-version":[{"id":6972,"href":"https:\/\/www.omniocio.com\/es\/wp-json\/wp\/v2\/pages\/4245\/revisions\/6972"}],"up":[{"embeddable":true,"href":"https:\/\/www.omniocio.com\/es\/wp-json\/wp\/v2\/pages\/4020"}],"wp:attachment":[{"href":"https:\/\/www.omniocio.com\/es\/wp-json\/wp\/v2\/media?parent=4245"}],"curies":[{"name":"wp","href":"https:\/\/api.w.org\/{rel}","templated":true}]}}