{"id":4142,"date":"2023-12-18T15:29:20","date_gmt":"2023-12-18T15:29:20","guid":{"rendered":"https:\/\/www.omniocio.com\/?page_id=4142"},"modified":"2025-02-14T08:45:58","modified_gmt":"2025-02-14T08:45:58","slug":"glories","status":"publish","type":"page","link":"https:\/\/www.omniocio.com\/es\/en-centros-comerciales\/salas-infantiles\/glories\/","title":{"rendered":"Glories"},"content":{"rendered":"\t\t<div data-elementor-type=\"wp-page\" data-elementor-id=\"4142\" class=\"elementor elementor-4142\">\n\t\t\t\t\t\t<section class=\"elementor-section elementor-top-section elementor-element elementor-element-4dc004c7 elementor-section-boxed elementor-section-gap-beside-yes elementor-section-height-default elementor-section-height-default elementor-section-content-align-center elementor-section-column-vertical-align-stretch\" data-id=\"4dc004c7\" data-element_type=\"section\">\n\t\t\t\t\t\t<div class=\"elementor-container elementor-column-gap-extended\">\n\t\t\t\t\t<div class=\"elementor-column elementor-col-50 elementor-top-column elementor-element elementor-element-17f3459f\" data-id=\"17f3459f\" data-element_type=\"column\">\n\t\t\t<div class=\"elementor-widget-wrap elementor-element-populated\">\n\t\t\t\t\t\t<div class=\"elementor-element elementor-element-3a6106ad elementor-widget elementor-widget-tm-heading\" data-id=\"3a6106ad\" data-element_type=\"widget\" data-widget_type=\"tm-heading.default\">\n\t\t\t\t<div class=\"elementor-widget-container\">\n\t\t\t\t\t\t\t<div class=\"tm-modern-heading\">\n\t\t\t\n\t\t\t\t\t<div class=\"heading-primary-wrap\">\n\t\t\t<h2 class=\"heading-primary elementor-heading-title\">Gl\u00f2ries<\/h2>\t\t<\/div>\n\t\t\n\t\t\t\n\t\t\t\t\t<div class=\"heading-description-wrap\">\n\t\t\t<div class=\"heading-description\">\n\t\t\t\t<p>Grupo WorkandLife gestiona L\u00b4espai Magic del centro comercial Gl\u00f2ries desde octubre de 2013, ofreciendo tambi\u00e9n talleres y actividades para ni\u00f1os y ni\u00f1as de entre 4 y 9 a\u00f1os todos los fines de semana.<\/p>\t\t\t<\/div>\n\t\t<\/div>\n\t\t\t<\/div>\n\t\t\t\t\t\t<\/div>\n\t\t\t\t<\/div>\n\t\t\t\t<section class=\"elementor-section elementor-inner-section elementor-element elementor-element-3703d94a elementor-section-boxed elementor-section-gap-beside-yes elementor-section-height-default elementor-section-height-default elementor-section-column-vertical-align-stretch\" data-id=\"3703d94a\" data-element_type=\"section\">\n\t\t\t\t\t\t<div class=\"elementor-container elementor-column-gap-extended\">\n\t\t\t\t\t<div class=\"elementor-column elementor-col-100 elementor-inner-column elementor-element elementor-element-52785faa\" data-id=\"52785faa\" data-element_type=\"column\">\n\t\t\t<div class=\"elementor-widget-wrap elementor-element-populated\">\n\t\t\t\t\t\t<div class=\"elementor-element elementor-element-11930462 elementor-widget elementor-widget-tm-heading\" data-id=\"11930462\" data-element_type=\"widget\" data-widget_type=\"tm-heading.default\">\n\t\t\t\t<div class=\"elementor-widget-container\">\n\t\t\t\t\t\t\t<div class=\"tm-modern-heading\">\n\t\t\t\n\t\t\t\t\t<div class=\"heading-primary-wrap\">\n\t\t\t<h2 class=\"heading-primary elementor-heading-title\">Informaci\u00f3n<\/h2>\t\t<\/div>\n\t\t\n\t\t\t\n\t\t\t\t\t<\/div>\n\t\t\t\t\t\t<\/div>\n\t\t\t\t<\/div>\n\t\t\t\t<div class=\"elementor-element elementor-element-2d079fd9 edumall-list-layout-block elementor-widget elementor-widget-tm-list\" data-id=\"2d079fd9\" data-element_type=\"widget\" data-widget_type=\"tm-list.default\">\n\t\t\t\t<div class=\"elementor-widget-container\">\n\t\t\t\t\t\t\t<div class=\"edumall-list\">\n\t\t\t\t\t\t\t\t<div class=\"item elementor-repeater-item-9df96c2\">\n\n\t\t\t\t\t\t<div class=\"link\">\n\t\t\t\t\t\t<div class=\"list-header\">\n\t\t\t\t\t\t\t\t\t\t\t\t\t\t\t<div class=\"edumall-icon icon\"><div class=\"icon-view\"><\/div><svg xmlns=\"http:\/\/www.w3.org\/2000\/svg\" width=\"21\" height=\"22\" viewBox=\"0 0 21 22\" fill=\"none\"><rect x=\"0.5\" y=\"1.25\" width=\"20\" height=\"20\" rx=\"10\" stroke=\"#EEEEEE\"><\/rect><path d=\"M8.65872 15.5808L5.14804 12.0701C4.93655 11.8586 4.93655 11.4991 5.14804 11.2876L5.90939 10.5263C6.12088 10.3148 6.45926 10.3148 6.67075 10.5263L9.06055 12.8949L14.1362 7.81924C14.3477 7.60776 14.6861 7.60776 14.8976 7.81924L15.6589 8.5806C15.8704 8.79208 15.8704 9.15161 15.6589 9.3631L9.44122 15.5808C9.22974 15.7923 8.87021 15.7923 8.65872 15.5808Z\" fill=\"#6CBD7E\"><\/path><\/svg><\/div>\t\t\t\t\t\t\t\t\t\t\t\t\t\t<div class=\"text-wrap\">\n\t\t\t\t\t\t\t\t\t\t\t\t\t\t\t\t\t<div class=\"text\">Empresa: Unibail Rodamco<\/div>\n\t\t\t\t\t\t\t\t\t\t\t\t\t\t\t<\/div>\n\n\t\t\t\t\t\t\t\t\t\t\t\t\t<\/div>\n\n\t\t\t\t\t\t<\/div>\n\t\t\t\t\t<\/div>\n\t\t\t\t\t\t\t\t\t\t<div class=\"item elementor-repeater-item-ddc309c\">\n\n\t\t\t\t\t\t<div class=\"link\">\n\t\t\t\t\t\t<div class=\"list-header\">\n\t\t\t\t\t\t\t\t\t\t\t\t\t\t\t<div class=\"edumall-icon icon\"><div class=\"icon-view\"><\/div><svg xmlns=\"http:\/\/www.w3.org\/2000\/svg\" width=\"21\" height=\"22\" viewBox=\"0 0 21 22\" fill=\"none\"><rect x=\"0.5\" y=\"1.25\" width=\"20\" height=\"20\" rx=\"10\" stroke=\"#EEEEEE\"><\/rect><path d=\"M8.65872 15.5808L5.14804 12.0701C4.93655 11.8586 4.93655 11.4991 5.14804 11.2876L5.90939 10.5263C6.12088 10.3148 6.45926 10.3148 6.67075 10.5263L9.06055 12.8949L14.1362 7.81924C14.3477 7.60776 14.6861 7.60776 14.8976 7.81924L15.6589 8.5806C15.8704 8.79208 15.8704 9.15161 15.6589 9.3631L9.44122 15.5808C9.22974 15.7923 8.87021 15.7923 8.65872 15.5808Z\" fill=\"#6CBD7E\"><\/path><\/svg><\/div>\t\t\t\t\t\t\t\t\t\t\t\t\t\t<div class=\"text-wrap\">\n\t\t\t\t\t\t\t\t\t\t\t\t\t\t\t\t\t<div class=\"text\">A\u00f1o de gesti\u00f3n: 2013<\/div>\n\t\t\t\t\t\t\t\t\t\t\t\t\t\t\t<\/div>\n\n\t\t\t\t\t\t\t\t\t\t\t\t\t<\/div>\n\n\t\t\t\t\t\t<\/div>\n\t\t\t\t\t<\/div>\n\t\t\t\t\t\t\t\t\t\t<div class=\"item elementor-repeater-item-6e54713\">\n\n\t\t\t\t\t\t<div class=\"link\">\n\t\t\t\t\t\t<div class=\"list-header\">\n\t\t\t\t\t\t\t\t\t\t\t\t\t\t\t<div class=\"edumall-icon icon\"><div class=\"icon-view\"><\/div><svg xmlns=\"http:\/\/www.w3.org\/2000\/svg\" width=\"21\" height=\"22\" viewBox=\"0 0 21 22\" fill=\"none\"><rect x=\"0.5\" y=\"1.25\" width=\"20\" height=\"20\" rx=\"10\" stroke=\"#EEEEEE\"><\/rect><path d=\"M8.65872 15.5808L5.14804 12.0701C4.93655 11.8586 4.93655 11.4991 5.14804 11.2876L5.90939 10.5263C6.12088 10.3148 6.45926 10.3148 6.67075 10.5263L9.06055 12.8949L14.1362 7.81924C14.3477 7.60776 14.6861 7.60776 14.8976 7.81924L15.6589 8.5806C15.8704 8.79208 15.8704 9.15161 15.6589 9.3631L9.44122 15.5808C9.22974 15.7923 8.87021 15.7923 8.65872 15.5808Z\" fill=\"#6CBD7E\"><\/path><\/svg><\/div>\t\t\t\t\t\t\t\t\t\t\t\t\t\t<div class=\"text-wrap\">\n\t\t\t\t\t\t\t\t\t\t\t\t\t\t\t\t\t<div class=\"text\">N\u00ba de salas: 1<\/div>\n\t\t\t\t\t\t\t\t\t\t\t\t\t\t\t<\/div>\n\n\t\t\t\t\t\t\t\t\t\t\t\t\t<\/div>\n\n\t\t\t\t\t\t<\/div>\n\t\t\t\t\t<\/div>\n\t\t\t\t\t\t\t<\/div>\n\t\t\t\t\t\t<\/div>\n\t\t\t\t<\/div>\n\t\t\t\t\t<\/div>\n\t\t<\/div>\n\t\t\t\t\t<\/div>\n\t\t<\/section>\n\t\t\t\t\t<\/div>\n\t\t<\/div>\n\t\t\t\t<div class=\"elementor-column elementor-col-50 elementor-top-column elementor-element elementor-element-33beb638\" data-id=\"33beb638\" data-element_type=\"column\">\n\t\t\t<div class=\"elementor-widget-wrap elementor-element-populated\">\n\t\t\t\t\t\t<div class=\"elementor-element elementor-element-4cdd3ab5 elementor-widget elementor-widget-image\" data-id=\"4cdd3ab5\" data-element_type=\"widget\" data-widget_type=\"image.default\">\n\t\t\t\t<div class=\"elementor-widget-container\">\n\t\t\t\t\t\t\t\t\t\t\t\t\t\t\t<img fetchpriority=\"high\" decoding=\"async\" width=\"495\" height=\"424\" src=\"https:\/\/www.omniocio.com\/wp-content\/uploads\/2023\/12\/05-ficha-sala-glories.jpeg\" class=\"attachment-large size-large wp-image-4178\" alt=\"\" \/>\t\t\t\t\t\t\t\t\t\t\t\t\t\t\t<\/div>\n\t\t\t\t<\/div>\n\t\t\t\t\t<\/div>\n\t\t<\/div>\n\t\t\t\t\t<\/div>\n\t\t<\/section>\n\t\t\t\t<\/div>\n\t\t","protected":false},"excerpt":{"rendered":"<p>Gl\u00f2ries Grupo WorkandLife gestiona L\u00b4espai Magic del centro comercial Gl\u00f2ries desde octubre de 2013, ofreciendo tambi\u00e9n talleres y actividades para ni\u00f1os y ni\u00f1as de entre 4 y 9 a\u00f1os todos los fines de semana. Informaci\u00f3n Empresa: Unibail Rodamco A\u00f1o de gesti\u00f3n: 2013 N\u00ba de salas: 1<\/p>\n","protected":false},"author":166,"featured_media":0,"parent":4087,"menu_order":0,"comment_status":"closed","ping_status":"closed","template":"","meta":{"om_disable_all_campaigns":false,"footnotes":""},"class_list":["post-4142","page","type-page","status-publish","hentry","post-no-thumbnail"],"aioseo_notices":[],"_links":{"self":[{"href":"https:\/\/www.omniocio.com\/es\/wp-json\/wp\/v2\/pages\/4142","targetHints":{"allow":["GET"]}}],"collection":[{"href":"https:\/\/www.omniocio.com\/es\/wp-json\/wp\/v2\/pages"}],"about":[{"href":"https:\/\/www.omniocio.com\/es\/wp-json\/wp\/v2\/types\/page"}],"author":[{"embeddable":true,"href":"https:\/\/www.omniocio.com\/es\/wp-json\/wp\/v2\/users\/166"}],"replies":[{"embeddable":true,"href":"https:\/\/www.omniocio.com\/es\/wp-json\/wp\/v2\/comments?post=4142"}],"version-history":[{"count":10,"href":"https:\/\/www.omniocio.com\/es\/wp-json\/wp\/v2\/pages\/4142\/revisions"}],"predecessor-version":[{"id":6235,"href":"https:\/\/www.omniocio.com\/es\/wp-json\/wp\/v2\/pages\/4142\/revisions\/6235"}],"up":[{"embeddable":true,"href":"https:\/\/www.omniocio.com\/es\/wp-json\/wp\/v2\/pages\/4087"}],"wp:attachment":[{"href":"https:\/\/www.omniocio.com\/es\/wp-json\/wp\/v2\/media?parent=4142"}],"curies":[{"name":"wp","href":"https:\/\/api.w.org\/{rel}","templated":true}]}}