{"id":3923,"date":"2023-12-15T09:17:40","date_gmt":"2023-12-15T09:17:40","guid":{"rendered":"https:\/\/www.omniocio.com\/?page_id=3923"},"modified":"2025-02-18T16:39:01","modified_gmt":"2025-02-18T16:39:01","slug":"inicio","status":"publish","type":"page","link":"https:\/\/www.omniocio.com\/es\/","title":{"rendered":"P\u00e1gina de inicio Omniocio"},"content":{"rendered":"\t\t<div data-elementor-type=\"wp-page\" data-elementor-id=\"3923\" class=\"elementor elementor-3923\">\n\t\t\t\t\t\t<section class=\"elementor-section elementor-top-section elementor-element elementor-element-01f0400 elementor-section-content-middle elementor-section-full_width elementor-section-height-min-height elementor-section-gap-beside-yes elementor-section-height-default elementor-section-items-middle elementor-section-column-vertical-align-stretch\" data-id=\"01f0400\" data-element_type=\"section\" data-settings=\"{&quot;background_background&quot;:&quot;video&quot;,&quot;background_video_link&quot;:&quot;\\\/wp-content\\\/uploads\\\/2025\\\/02\\\/Omniocio-Video-Opt.mp4&quot;,&quot;background_play_on_mobile&quot;:&quot;yes&quot;}\">\n\t\t\t\t\t\t\t\t<div class=\"elementor-background-video-container\" aria-hidden=\"true\">\n\t\t\t\t\t\t\t\t\t\t\t\t\t<video class=\"elementor-background-video-hosted\" autoplay muted playsinline loop><\/video>\n\t\t\t\t\t\t\t\t\t\t\t<\/div>\n\t\t\t\t\t\t\t\t\t<div class=\"elementor-background-overlay\"><\/div>\n\t\t\t\t\t\t\t<div class=\"elementor-container elementor-column-gap-extended\">\n\t\t\t\t\t<div class=\"elementor-column elementor-col-100 elementor-top-column elementor-element elementor-element-09543df\" data-id=\"09543df\" data-element_type=\"column\">\n\t\t\t<div class=\"elementor-widget-wrap elementor-element-populated\">\n\t\t\t\t\t\t<section class=\"elementor-section elementor-inner-section elementor-element elementor-element-118d09e elementor-section-gap-beside-no elementor-section-boxed elementor-section-height-default elementor-section-height-default elementor-section-column-vertical-align-stretch\" data-id=\"118d09e\" data-element_type=\"section\">\n\t\t\t\t\t\t<div class=\"elementor-container elementor-column-gap-extended\">\n\t\t\t\t\t<div class=\"elementor-column elementor-col-100 elementor-inner-column elementor-element elementor-element-f4a2772\" data-id=\"f4a2772\" data-element_type=\"column\">\n\t\t\t<div class=\"elementor-widget-wrap elementor-element-populated\">\n\t\t\t\t\t\t<div class=\"elementor-element elementor-element-f0c5629 edumall-modern-heading-style-01 elementor-invisible elementor-widget elementor-widget-tm-heading\" data-id=\"f0c5629\" data-element_type=\"widget\" data-settings=\"{&quot;_animation&quot;:&quot;edumallFadeInUp&quot;}\" data-widget_type=\"tm-heading.default\">\n\t\t\t\t<div class=\"elementor-widget-container\">\n\t\t\t\t\t\t\t<div class=\"tm-modern-heading\">\n\t\t\t\n\t\t\t\t\t<div class=\"heading-primary-wrap\">\n\t\t\t<h2 class=\"heading-primary elementor-heading-title\">Juntos dejaremos huella en la memoria de tus clientes<\/h2>\t\t<\/div>\n\t\t\n\t\t\t\n\t\t\t\t\t<\/div>\n\t\t\t\t\t\t<\/div>\n\t\t\t\t<\/div>\n\t\t\t\t<div class=\"elementor-element elementor-element-2a8de4b elementor-invisible elementor-widget elementor-widget-tm-heading\" data-id=\"2a8de4b\" data-element_type=\"widget\" data-settings=\"{&quot;_animation&quot;:&quot;edumallFadeInUp&quot;}\" data-widget_type=\"tm-heading.default\">\n\t\t\t\t<div class=\"elementor-widget-container\">\n\t\t\t\t\t\t\t<div class=\"tm-modern-heading\">\n\t\t\t\n\t\t\t\t\t<div class=\"heading-primary-wrap\">\n\t\t\t<h3 class=\"heading-primary elementor-heading-title\"><b>Iniciativas \u00fanicas y exclusivas acorde a las necesidades de cada compa\u00f1\u00eda<\/b><\/h3>\t\t<\/div>\n\t\t\n\t\t\t\t    <div class=\"heading-divider\"><\/div>\n\t    \n\t\t\t\t\t<\/div>\n\t\t\t\t\t\t<\/div>\n\t\t\t\t<\/div>\n\t\t\t\t<div class=\"elementor-element elementor-element-f1feac2 elementor-align-center elementor-invisible elementor-widget elementor-widget-tm-button\" data-id=\"f1feac2\" data-element_type=\"widget\" data-settings=\"{&quot;_animation&quot;:&quot;edumallFadeInUp&quot;}\" data-widget_type=\"tm-button.default\">\n\t\t\t\t<div class=\"elementor-widget-container\">\n\t\t\t\t\t\t\t<div class=\"tm-button-wrapper\">\n\t\t\t<a href=\"\/quienes-somos\/\" class=\"tm-button-link tm-button style-flat tm-button-nm\" role=\"button\">\n\t\t\t\t\t\t<div class=\"button-content-wrapper\">\n\t\t\t\n\t\t\t\t\t\t\t<span class=\"button-text\">\u00bfQuieres conocernos?<\/span>\n\t\t\t\n\t\t\t\t\t<\/div>\n\t\t\n\t\t\t\t\t\t\t<\/a>\n\t\t<\/div>\n\t\t\t\t\t\t<\/div>\n\t\t\t\t<\/div>\n\t\t\t\t<div class=\"elementor-element elementor-element-22c8546 elementor-widget elementor-widget-spacer\" data-id=\"22c8546\" data-element_type=\"widget\" data-widget_type=\"spacer.default\">\n\t\t\t\t<div class=\"elementor-widget-container\">\n\t\t\t\t\t\t\t<div class=\"elementor-spacer\">\n\t\t\t<div class=\"elementor-spacer-inner\"><\/div>\n\t\t<\/div>\n\t\t\t\t\t\t<\/div>\n\t\t\t\t<\/div>\n\t\t\t\t\t<\/div>\n\t\t<\/div>\n\t\t\t\t\t<\/div>\n\t\t<\/section>\n\t\t\t\t\t<\/div>\n\t\t<\/div>\n\t\t\t\t\t<\/div>\n\t\t<\/section>\n\t\t\t\t<section class=\"elementor-section elementor-top-section elementor-element elementor-element-2d08dc1 elementor-section-full_width elementor-section-gap-beside-yes elementor-section-height-default elementor-section-height-default elementor-section-column-vertical-align-stretch\" data-id=\"2d08dc1\" data-element_type=\"section\" data-settings=\"{&quot;background_background&quot;:&quot;video&quot;,&quot;background_video_link&quot;:&quot;\\\/wp-content\\\/uploads\\\/2025\\\/02\\\/Omniocio-Video-Opt.mp4&quot;,&quot;background_play_on_mobile&quot;:&quot;yes&quot;}\">\n\t\t\t\t\t\t\t\t<div class=\"elementor-background-video-container\" aria-hidden=\"true\">\n\t\t\t\t\t\t\t\t\t\t\t\t\t<video class=\"elementor-background-video-hosted\" autoplay muted playsinline loop><\/video>\n\t\t\t\t\t\t\t\t\t\t\t<\/div>\n\t\t\t\t\t\t\t\t<div class=\"elementor-container elementor-column-gap-extended\">\n\t\t\t\t\t<div class=\"elementor-column elementor-col-100 elementor-top-column elementor-element elementor-element-c0db50e\" data-id=\"c0db50e\" data-element_type=\"column\">\n\t\t\t<div class=\"elementor-widget-wrap elementor-element-populated\">\n\t\t\t\t\t\t<div class=\"elementor-element elementor-element-dc034a2 elementor-widget elementor-widget-image\" data-id=\"dc034a2\" data-element_type=\"widget\" data-widget_type=\"image.default\">\n\t\t\t\t<div class=\"elementor-widget-container\">\n\t\t\t\t\t\t\t\t\t\t\t\t\t\t\t\t<a href=\"https:\/\/www.omniocio.com\/en-centros-comerciales\/salas-infantiles\/\" title=\"Marketing Kids: Salas infantiles\">\n\t\t\t\t\t\t\t<img fetchpriority=\"high\" decoding=\"async\" width=\"1417\" height=\"620\" src=\"https:\/\/www.omniocio.com\/wp-content\/uploads\/2025\/02\/Kid-marketing-Salas-Infantiles-1.webp\" class=\"attachment-full size-full wp-image-7155\" alt=\"Salas infantiles\" srcset=\"https:\/\/www.omniocio.com\/wp-content\/uploads\/2025\/02\/Kid-marketing-Salas-Infantiles-1.webp 1417w, https:\/\/www.omniocio.com\/wp-content\/uploads\/2025\/02\/Kid-marketing-Salas-Infantiles-1-300x131.webp 300w, https:\/\/www.omniocio.com\/wp-content\/uploads\/2025\/02\/Kid-marketing-Salas-Infantiles-1-1024x448.webp 1024w, https:\/\/www.omniocio.com\/wp-content\/uploads\/2025\/02\/Kid-marketing-Salas-Infantiles-1-768x336.webp 768w, https:\/\/www.omniocio.com\/wp-content\/uploads\/2025\/02\/Kid-marketing-Salas-Infantiles-1-18x8.webp 18w\" sizes=\"(max-width: 1417px) 100vw, 1417px\" \/>\t\t\t\t\t\t\t\t<\/a>\n\t\t\t\t\t\t\t\t\t\t\t\t\t\t\t<\/div>\n\t\t\t\t<\/div>\n\t\t\t\t\t<\/div>\n\t\t<\/div>\n\t\t\t\t\t<\/div>\n\t\t<\/section>\n\t\t\t\t<section class=\"elementor-section elementor-top-section elementor-element elementor-element-955bfac elementor-section-full_width elementor-section-gap-beside-yes elementor-section-height-default elementor-section-height-default elementor-section-column-vertical-align-stretch\" data-id=\"955bfac\" data-element_type=\"section\">\n\t\t\t\t\t\t<div class=\"elementor-container elementor-column-gap-extended\">\n\t\t\t\t\t<div class=\"elementor-column elementor-col-100 elementor-top-column elementor-element elementor-element-d447f47\" data-id=\"d447f47\" data-element_type=\"column\">\n\t\t\t<div class=\"elementor-widget-wrap elementor-element-populated\">\n\t\t\t\t\t\t<div class=\"elementor-element elementor-element-dc9ee67 elementor-widget elementor-widget-image\" data-id=\"dc9ee67\" data-element_type=\"widget\" data-widget_type=\"image.default\">\n\t\t\t\t<div class=\"elementor-widget-container\">\n\t\t\t\t\t\t\t\t\t\t\t\t\t\t\t\t<a href=\"https:\/\/www.omniocio.com\/es\/servicios-en-empresas\/eventos-corporativos\/\" title=\"Eventos corporativos y Family Days\">\n\t\t\t\t\t\t\t<img decoding=\"async\" width=\"1417\" height=\"620\" src=\"https:\/\/www.omniocio.com\/wp-content\/uploads\/2025\/02\/Eventos-corporativos-y-family-days-1.webp\" class=\"attachment-full size-full wp-image-7159\" alt=\"Eventos corporativos\" srcset=\"https:\/\/www.omniocio.com\/wp-content\/uploads\/2025\/02\/Eventos-corporativos-y-family-days-1.webp 1417w, https:\/\/www.omniocio.com\/wp-content\/uploads\/2025\/02\/Eventos-corporativos-y-family-days-1-300x131.webp 300w, https:\/\/www.omniocio.com\/wp-content\/uploads\/2025\/02\/Eventos-corporativos-y-family-days-1-1024x448.webp 1024w, https:\/\/www.omniocio.com\/wp-content\/uploads\/2025\/02\/Eventos-corporativos-y-family-days-1-768x336.webp 768w, https:\/\/www.omniocio.com\/wp-content\/uploads\/2025\/02\/Eventos-corporativos-y-family-days-1-18x8.webp 18w\" sizes=\"(max-width: 1417px) 100vw, 1417px\" \/>\t\t\t\t\t\t\t\t<\/a>\n\t\t\t\t\t\t\t\t\t\t\t\t\t\t\t<\/div>\n\t\t\t\t<\/div>\n\t\t\t\t<div class=\"elementor-element elementor-element-3c3afa4 elementor-widget elementor-widget-image\" data-id=\"3c3afa4\" data-element_type=\"widget\" data-widget_type=\"image.default\">\n\t\t\t\t<div class=\"elementor-widget-container\">\n\t\t\t\t\t\t\t\t\t\t\t\t\t\t\t\t<a href=\"\/en-centros-comerciales\/eventos-y-acciones-de-marketing\/\" title=\"Eventos y Acciones de Marketing\">\n\t\t\t\t\t\t\t<img decoding=\"async\" width=\"1417\" height=\"620\" src=\"https:\/\/www.omniocio.com\/wp-content\/uploads\/2025\/02\/eventos-acciones-de-marketing-1.webp\" class=\"attachment-full size-full wp-image-7160\" alt=\"Eventos y acciones de marketing\" srcset=\"https:\/\/www.omniocio.com\/wp-content\/uploads\/2025\/02\/eventos-acciones-de-marketing-1.webp 1417w, https:\/\/www.omniocio.com\/wp-content\/uploads\/2025\/02\/eventos-acciones-de-marketing-1-300x131.webp 300w, https:\/\/www.omniocio.com\/wp-content\/uploads\/2025\/02\/eventos-acciones-de-marketing-1-1024x448.webp 1024w, https:\/\/www.omniocio.com\/wp-content\/uploads\/2025\/02\/eventos-acciones-de-marketing-1-768x336.webp 768w, https:\/\/www.omniocio.com\/wp-content\/uploads\/2025\/02\/eventos-acciones-de-marketing-1-18x8.webp 18w\" sizes=\"(max-width: 1417px) 100vw, 1417px\" \/>\t\t\t\t\t\t\t\t<\/a>\n\t\t\t\t\t\t\t\t\t\t\t\t\t\t\t<\/div>\n\t\t\t\t<\/div>\n\t\t\t\t\t<\/div>\n\t\t<\/div>\n\t\t\t\t\t<\/div>\n\t\t<\/section>\n\t\t\t\t<section class=\"elementor-section elementor-top-section elementor-element elementor-element-6c12e87 elementor-section-column-vertical-align-top elementor-section-boxed elementor-section-gap-beside-yes elementor-section-height-default elementor-section-height-default\" data-id=\"6c12e87\" data-element_type=\"section\" id=\"section-introduction\">\n\t\t\t\t\t\t<div class=\"elementor-container elementor-column-gap-extended\">\n\t\t\t\t\t<div class=\"elementor-column elementor-col-50 elementor-top-column elementor-element elementor-element-7f09441\" data-id=\"7f09441\" data-element_type=\"column\">\n\t\t\t<div class=\"elementor-widget-wrap elementor-element-populated\">\n\t\t\t\t\t\t<div class=\"elementor-element elementor-element-08e6f26 elementor-invisible elementor-widget elementor-widget-image\" data-id=\"08e6f26\" data-element_type=\"widget\" data-settings=\"{&quot;_animation&quot;:&quot;edumallFadeInUp&quot;}\" data-widget_type=\"image.default\">\n\t\t\t\t<div class=\"elementor-widget-container\">\n\t\t\t\t\t\t\t\t\t\t\t\t\t\t\t<img loading=\"lazy\" decoding=\"async\" width=\"1894\" height=\"1228\" src=\"https:\/\/www.omniocio.com\/wp-content\/uploads\/2025\/02\/nina-ocio-infantil-omniocio-scaled-e1706877205174-1.webp\" class=\"attachment-full size-full wp-image-7161\" alt=\"Ni\u00f1a\" srcset=\"https:\/\/www.omniocio.com\/wp-content\/uploads\/2025\/02\/nina-ocio-infantil-omniocio-scaled-e1706877205174-1.webp 1894w, https:\/\/www.omniocio.com\/wp-content\/uploads\/2025\/02\/nina-ocio-infantil-omniocio-scaled-e1706877205174-1-300x195.webp 300w, https:\/\/www.omniocio.com\/wp-content\/uploads\/2025\/02\/nina-ocio-infantil-omniocio-scaled-e1706877205174-1-1024x664.webp 1024w, https:\/\/www.omniocio.com\/wp-content\/uploads\/2025\/02\/nina-ocio-infantil-omniocio-scaled-e1706877205174-1-768x498.webp 768w, https:\/\/www.omniocio.com\/wp-content\/uploads\/2025\/02\/nina-ocio-infantil-omniocio-scaled-e1706877205174-1-1536x996.webp 1536w, https:\/\/www.omniocio.com\/wp-content\/uploads\/2025\/02\/nina-ocio-infantil-omniocio-scaled-e1706877205174-1-18x12.webp 18w\" sizes=\"(max-width: 1894px) 100vw, 1894px\" \/>\t\t\t\t\t\t\t\t\t\t\t\t\t\t\t<\/div>\n\t\t\t\t<\/div>\n\t\t\t\t\t<\/div>\n\t\t<\/div>\n\t\t\t\t<div class=\"elementor-column elementor-col-50 elementor-top-column elementor-element elementor-element-ffe97da\" data-id=\"ffe97da\" data-element_type=\"column\">\n\t\t\t<div class=\"elementor-widget-wrap elementor-element-populated\">\n\t\t\t\t\t\t<div class=\"elementor-element elementor-element-7442905 elementor-invisible elementor-widget elementor-widget-tm-heading\" data-id=\"7442905\" data-element_type=\"widget\" data-settings=\"{&quot;_animation&quot;:&quot;edumallFadeInUp&quot;}\" data-widget_type=\"tm-heading.default\">\n\t\t\t\t<div class=\"elementor-widget-container\">\n\t\t\t\t\t\t\t<div class=\"tm-modern-heading\">\n\t\t\t\n\t\t\t\t\t<div class=\"heading-primary-wrap\">\n\t\t\t<h4 class=\"heading-primary elementor-heading-title\">Desde 2002: Somos  Especialista en Salas y Espacios Infantiles que se Convierte en Experiencias \u00danicas<\/h4>\t\t<\/div>\n\t\t\n\t\t\t\n\t\t\t\t\t<\/div>\n\t\t\t\t\t\t<\/div>\n\t\t\t\t<\/div>\n\t\t\t\t<div class=\"elementor-element elementor-element-48c42ad elementor-widget elementor-widget-spacer\" data-id=\"48c42ad\" data-element_type=\"widget\" data-widget_type=\"spacer.default\">\n\t\t\t\t<div class=\"elementor-widget-container\">\n\t\t\t\t\t\t\t<div class=\"elementor-spacer\">\n\t\t\t<div class=\"elementor-spacer-inner\"><\/div>\n\t\t<\/div>\n\t\t\t\t\t\t<\/div>\n\t\t\t\t<\/div>\n\t\t\t\t\t<\/div>\n\t\t<\/div>\n\t\t\t\t\t<\/div>\n\t\t<\/section>\n\t\t\t\t<section class=\"elementor-section elementor-top-section elementor-element elementor-element-4f800ff elementor-section-full_width elementor-section-gap-beside-yes elementor-section-height-default elementor-section-height-default elementor-section-column-vertical-align-stretch\" data-id=\"4f800ff\" data-element_type=\"section\">\n\t\t\t\t\t\t<div class=\"elementor-container elementor-column-gap-extended\">\n\t\t\t\t\t<div class=\"elementor-column elementor-col-100 elementor-top-column elementor-element elementor-element-ece26b0\" data-id=\"ece26b0\" data-element_type=\"column\">\n\t\t\t<div class=\"elementor-widget-wrap\">\n\t\t\t\t\t\t\t<\/div>\n\t\t<\/div>\n\t\t\t\t\t<\/div>\n\t\t<\/section>\n\t\t\t\t<section class=\"elementor-section elementor-top-section elementor-element elementor-element-1689705 elementor-section-boxed elementor-section-gap-beside-yes elementor-section-height-default elementor-section-height-default elementor-section-column-vertical-align-stretch\" data-id=\"1689705\" data-element_type=\"section\">\n\t\t\t\t\t\t<div class=\"elementor-container elementor-column-gap-extended\">\n\t\t\t\t\t<div class=\"elementor-column elementor-col-100 elementor-top-column elementor-element elementor-element-6410f75\" data-id=\"6410f75\" data-element_type=\"column\">\n\t\t\t<div class=\"elementor-widget-wrap elementor-element-populated\">\n\t\t\t\t\t\t<div class=\"elementor-element elementor-element-82f0bf5 elementor-widget elementor-widget-image\" data-id=\"82f0bf5\" data-element_type=\"widget\" data-widget_type=\"image.default\">\n\t\t\t\t<div class=\"elementor-widget-container\">\n\t\t\t\t\t\t\t\t\t\t\t\t\t\t\t<img loading=\"lazy\" decoding=\"async\" width=\"1026\" height=\"171\" src=\"https:\/\/www.omniocio.com\/wp-content\/uploads\/2025\/02\/juntos-dejaremos-huella-1.webp\" class=\"attachment-full size-full wp-image-7162\" alt=\"Juntos dejaremos huella\" srcset=\"https:\/\/www.omniocio.com\/wp-content\/uploads\/2025\/02\/juntos-dejaremos-huella-1.webp 1026w, https:\/\/www.omniocio.com\/wp-content\/uploads\/2025\/02\/juntos-dejaremos-huella-1-300x50.webp 300w, https:\/\/www.omniocio.com\/wp-content\/uploads\/2025\/02\/juntos-dejaremos-huella-1-1024x171.webp 1024w, https:\/\/www.omniocio.com\/wp-content\/uploads\/2025\/02\/juntos-dejaremos-huella-1-768x128.webp 768w, https:\/\/www.omniocio.com\/wp-content\/uploads\/2025\/02\/juntos-dejaremos-huella-1-18x3.webp 18w\" sizes=\"(max-width: 1026px) 100vw, 1026px\" \/>\t\t\t\t\t\t\t\t\t\t\t\t\t\t\t<\/div>\n\t\t\t\t<\/div>\n\t\t\t\t<div class=\"elementor-element elementor-element-d3055b7 elementor-widget elementor-widget-image\" data-id=\"d3055b7\" data-element_type=\"widget\" data-widget_type=\"image.default\">\n\t\t\t\t<div class=\"elementor-widget-container\">\n\t\t\t\t\t\t\t\t\t\t\t\t\t\t\t<img loading=\"lazy\" decoding=\"async\" width=\"1354\" height=\"196\" src=\"https:\/\/www.omniocio.com\/wp-content\/uploads\/2025\/02\/imagen-juntos-dejaremos-huella.webp\" class=\"attachment-full size-full wp-image-7170\" alt=\"Juntos dejaremos huella\" srcset=\"https:\/\/www.omniocio.com\/wp-content\/uploads\/2025\/02\/imagen-juntos-dejaremos-huella.webp 1354w, https:\/\/www.omniocio.com\/wp-content\/uploads\/2025\/02\/imagen-juntos-dejaremos-huella-300x43.webp 300w, https:\/\/www.omniocio.com\/wp-content\/uploads\/2025\/02\/imagen-juntos-dejaremos-huella-1024x148.webp 1024w, https:\/\/www.omniocio.com\/wp-content\/uploads\/2025\/02\/imagen-juntos-dejaremos-huella-768x111.webp 768w, https:\/\/www.omniocio.com\/wp-content\/uploads\/2025\/02\/imagen-juntos-dejaremos-huella-18x3.webp 18w\" sizes=\"(max-width: 1354px) 100vw, 1354px\" \/>\t\t\t\t\t\t\t\t\t\t\t\t\t\t\t<\/div>\n\t\t\t\t<\/div>\n\t\t\t\t\t<\/div>\n\t\t<\/div>\n\t\t\t\t\t<\/div>\n\t\t<\/section>\n\t\t\t\t<\/div>\n\t\t","protected":false},"excerpt":{"rendered":"<p>Juntos dejaremos huella en la memoria de tus clientes Iniciativas \u00fanicas y exclusivas acorde a las necesidades de cada compa\u00f1\u00eda \u00bfQuieres conocernos? Desde 2002: Somos Especialista en Salas y Espacios Infantiles que se Convierte en Experiencias \u00danicas<\/p>\n","protected":false},"author":166,"featured_media":0,"parent":0,"menu_order":0,"comment_status":"closed","ping_status":"closed","template":"","meta":{"om_disable_all_campaigns":false,"footnotes":""},"class_list":["post-3923","page","type-page","status-publish","hentry","post-no-thumbnail"],"aioseo_notices":[],"_links":{"self":[{"href":"https:\/\/www.omniocio.com\/es\/wp-json\/wp\/v2\/pages\/3923","targetHints":{"allow":["GET"]}}],"collection":[{"href":"https:\/\/www.omniocio.com\/es\/wp-json\/wp\/v2\/pages"}],"about":[{"href":"https:\/\/www.omniocio.com\/es\/wp-json\/wp\/v2\/types\/page"}],"author":[{"embeddable":true,"href":"https:\/\/www.omniocio.com\/es\/wp-json\/wp\/v2\/users\/166"}],"replies":[{"embeddable":true,"href":"https:\/\/www.omniocio.com\/es\/wp-json\/wp\/v2\/comments?post=3923"}],"version-history":[{"count":314,"href":"https:\/\/www.omniocio.com\/es\/wp-json\/wp\/v2\/pages\/3923\/revisions"}],"predecessor-version":[{"id":7218,"href":"https:\/\/www.omniocio.com\/es\/wp-json\/wp\/v2\/pages\/3923\/revisions\/7218"}],"wp:attachment":[{"href":"https:\/\/www.omniocio.com\/es\/wp-json\/wp\/v2\/media?parent=3923"}],"curies":[{"name":"wp","href":"https:\/\/api.w.org\/{rel}","templated":true}]}}